{"id":2371,"date":"2024-08-13T17:24:35","date_gmt":"2024-08-13T20:24:35","guid":{"rendered":"https:\/\/enggest.com\/?page_id=2371"},"modified":"2024-08-22T15:46:36","modified_gmt":"2024-08-22T18:46:36","slug":"simulador-de-credito","status":"publish","type":"page","link":"https:\/\/enggest.com\/index.php\/simulador-de-credito\/","title":{"rendered":"Simulador de cr\u00e9dito"},"content":{"rendered":"<style>\/*! elementor - v3.13.3 - 28-05-2023 *\/\n.elementor-widget-divider{--divider-border-style:none;--divider-border-width:1px;--divider-color:#0c0d0e;--divider-icon-size:20px;--divider-element-spacing:10px;--divider-pattern-height:24px;--divider-pattern-size:20px;--divider-pattern-url:none;--divider-pattern-repeat:repeat-x}.elementor-widget-divider .elementor-divider{display:flex}.elementor-widget-divider .elementor-divider__text{font-size:15px;line-height:1;max-width:95%}.elementor-widget-divider .elementor-divider__element{margin:0 var(--divider-element-spacing);flex-shrink:0}.elementor-widget-divider .elementor-icon{font-size:var(--divider-icon-size)}.elementor-widget-divider .elementor-divider-separator{display:flex;margin:0;direction:ltr}.elementor-widget-divider--view-line_icon .elementor-divider-separator,.elementor-widget-divider--view-line_text .elementor-divider-separator{align-items:center}.elementor-widget-divider--view-line_icon .elementor-divider-separator:after,.elementor-widget-divider--view-line_icon .elementor-divider-separator:before,.elementor-widget-divider--view-line_text .elementor-divider-separator:after,.elementor-widget-divider--view-line_text .elementor-divider-separator:before{display:block;content:\"\";border-bottom:0;flex-grow:1;border-top:var(--divider-border-width) var(--divider-border-style) var(--divider-color)}.elementor-widget-divider--element-align-left .elementor-divider .elementor-divider-separator>.elementor-divider__svg:first-of-type{flex-grow:0;flex-shrink:100}.elementor-widget-divider--element-align-left .elementor-divider-separator:before{content:none}.elementor-widget-divider--element-align-left .elementor-divider__element{margin-left:0}.elementor-widget-divider--element-align-right .elementor-divider .elementor-divider-separator>.elementor-divider__svg:last-of-type{flex-grow:0;flex-shrink:100}.elementor-widget-divider--element-align-right .elementor-divider-separator:after{content:none}.elementor-widget-divider--element-align-right .elementor-divider__element{margin-right:0}.elementor-widget-divider:not(.elementor-widget-divider--view-line_text):not(.elementor-widget-divider--view-line_icon) .elementor-divider-separator{border-top:var(--divider-border-width) var(--divider-border-style) var(--divider-color)}.elementor-widget-divider--separator-type-pattern{--divider-border-style:none}.elementor-widget-divider--separator-type-pattern.elementor-widget-divider--view-line .elementor-divider-separator,.elementor-widget-divider--separator-type-pattern:not(.elementor-widget-divider--view-line) .elementor-divider-separator:after,.elementor-widget-divider--separator-type-pattern:not(.elementor-widget-divider--view-line) .elementor-divider-separator:before,.elementor-widget-divider--separator-type-pattern:not([class*=elementor-widget-divider--view]) .elementor-divider-separator{width:100%;min-height:var(--divider-pattern-height);-webkit-mask-size:var(--divider-pattern-size) 100%;mask-size:var(--divider-pattern-size) 100%;-webkit-mask-repeat:var(--divider-pattern-repeat);mask-repeat:var(--divider-pattern-repeat);background-color:var(--divider-color);-webkit-mask-image:var(--divider-pattern-url);mask-image:var(--divider-pattern-url)}.elementor-widget-divider--no-spacing{--divider-pattern-size:auto}.elementor-widget-divider--bg-round{--divider-pattern-repeat:round}.rtl .elementor-widget-divider .elementor-divider__text{direction:rtl}.e-con-inner>.elementor-widget-divider,.e-con>.elementor-widget-divider{width:var(--container-widget-width,100%);--flex-grow:var(--container-widget-flex-grow)}<\/style>\n<style>\/*! elementor - v3.13.3 - 28-05-2023 *\/\n.elementor-heading-title{padding:0;margin:0;line-height:1}.elementor-widget-heading .elementor-heading-title[class*=elementor-size-]>a{color:inherit;font-size:inherit;line-height:inherit}.elementor-widget-heading .elementor-heading-title.elementor-size-small{font-size:15px}.elementor-widget-heading .elementor-heading-title.elementor-size-medium{font-size:19px}.elementor-widget-heading .elementor-heading-title.elementor-size-large{font-size:29px}.elementor-widget-heading .elementor-heading-title.elementor-size-xl{font-size:39px}.elementor-widget-heading .elementor-heading-title.elementor-size-xxl{font-size:59px}<\/style>\n<h1>Simulador de cr\u00e9dito<\/h1>\n<p>\t\t\t0\t\t<\/p>\n<form  action=\"https:\/\/enggest.com\/?jet_engine_action=book&#038;_jet_form_is_ajax=1\" method=\"POST\" data-form-id=\"2389\"><input type=\"hidden\" name=\"_jet_engine_booking_form_id\" value=\"2389\" data-field-name=\"_jet_engine_booking_form_id\"><input type=\"hidden\" name=\"_jet_engine_refer\" value=\"https:\/\/enggest.com\" data-field-name=\"_jet_engine_refer\"><br \/>\n\tValor do im\u00f3vel (em MM)*<br \/>\n\t<input type=\"number\" value=\"\" required=\"required\" step=\"1\" name=\"valor_imovel\" data-field-name=\"valor_imovel\" id=\"valor_imovel\"><small>Informe o valor aproximado dos im\u00f3veis que ser\u00e3o utilizados em garantia na opera\u00e7\u00e3o (M\u00ednimo: R$1MM e m\u00e1ximo R$10MM)<\/small><br \/>\n\tValor l\u00edquido de cr\u00e9dito<br \/>\n\t\t\tR$<br \/>\n\t\t<input type=\"hidden\" name=\"valor_credito\" value=\"\" data-field-name=\"valor_credito\"><br \/>\n\t\t\tMM<br \/>\n\t1\u00aa Parcela:<br \/>\n\t\t\tR$<br \/>\n\t\t<input type=\"hidden\" name=\"primeira_parcela\" value=\"\" data-field-name=\"primeira_parcela\"><br \/>\n\t2\u00aa a 160\u00aa parcelas:<br \/>\n\t\t\tR$<br \/>\n\t\t<input type=\"hidden\" name=\"demais_parcelas\" value=\"\" data-field-name=\"demais_parcelas\"><br \/>\n\t\t<input type=\"hidden\" name=\"_jet_engine_nonce\" value=\"a30ead05f0\" data-field-name=\"_jet_engine_nonce\"><\/form>\n","protected":false},"excerpt":{"rendered":"<p>Simulador de cr\u00e9dito 0 Valor do im\u00f3vel (em MM)* Informe o valor aproximado dos im\u00f3veis que ser\u00e3o utilizados em garantia na opera\u00e7\u00e3o (M\u00ednimo: R$1MM e m\u00e1ximo R$10MM) Valor l\u00edquido de cr\u00e9dito R$ MM 1\u00aa Parcela: R$ 2\u00aa a 160\u00aa parcelas: R$<\/p>\n","protected":false},"author":1,"featured_media":0,"parent":0,"menu_order":0,"comment_status":"closed","ping_status":"closed","template":"","meta":{"om_disable_all_campaigns":false,"_mi_skip_tracking":false,"_monsterinsights_sitenote_active":false,"_monsterinsights_sitenote_note":"","_monsterinsights_sitenote_category":0,"site-sidebar-layout":"no-sidebar","site-content-layout":"page-builder","ast-global-header-display":"","ast-banner-title-visibility":"","ast-main-header-display":"","ast-hfb-above-header-display":"","ast-hfb-below-header-display":"","ast-hfb-mobile-header-display":"","site-post-title":"disabled","ast-breadcrumbs-content":"","ast-featured-img":"disabled","footer-sml-layout":"","theme-transparent-header-meta":"enabled","adv-header-id-meta":"","stick-header-meta":"","header-above-stick-meta":"","header-main-stick-meta":"","header-below-stick-meta":"","_joinchat":[],"footnotes":""},"class_list":["post-2371","page","type-page","status-publish","hentry"],"aioseo_notices":[],"_links":{"self":[{"href":"https:\/\/enggest.com\/index.php\/wp-json\/wp\/v2\/pages\/2371","targetHints":{"allow":["GET"]}}],"collection":[{"href":"https:\/\/enggest.com\/index.php\/wp-json\/wp\/v2\/pages"}],"about":[{"href":"https:\/\/enggest.com\/index.php\/wp-json\/wp\/v2\/types\/page"}],"author":[{"embeddable":true,"href":"https:\/\/enggest.com\/index.php\/wp-json\/wp\/v2\/users\/1"}],"replies":[{"embeddable":true,"href":"https:\/\/enggest.com\/index.php\/wp-json\/wp\/v2\/comments?post=2371"}],"version-history":[{"count":26,"href":"https:\/\/enggest.com\/index.php\/wp-json\/wp\/v2\/pages\/2371\/revisions"}],"predecessor-version":[{"id":2452,"href":"https:\/\/enggest.com\/index.php\/wp-json\/wp\/v2\/pages\/2371\/revisions\/2452"}],"wp:attachment":[{"href":"https:\/\/enggest.com\/index.php\/wp-json\/wp\/v2\/media?parent=2371"}],"curies":[{"name":"wp","href":"https:\/\/api.w.org\/{rel}","templated":true}]}}